{"id":16863,"date":"2024-12-16T18:21:38","date_gmt":"2024-12-16T18:21:38","guid":{"rendered":"http:\/\/www.cleopatrasbasilica.com\/?post_type=product&#038;p=16863"},"modified":"2024-12-16T18:33:05","modified_gmt":"2024-12-16T18:33:05","slug":"miracell-biyolojik-yenilenme-tedavisi","status":"publish","type":"product","link":"https:\/\/cleopatrasbasilica.com\/?product=miracell-biyolojik-yenilenme-tedavisi","title":{"rendered":"Miracell Biyolojik Yenilenme Tedavisi"},"content":{"rendered":"<p>Zaman\u0131n etkilerini geride b\u0131rak\u0131n, v\u00fccudunuzu do\u011fal iyile\u015fme g\u00fcc\u00fcyle yeniden ke\u015ffedin!<\/p>\n<p><strong>Nedir?<\/strong><br \/>\nMiracell Biyolojik Yenilenme Tedavisi, k\u00f6k h\u00fccrelerin yenileyici ve onar\u0131c\u0131 g\u00fcc\u00fcn\u00fc kullanarak v\u00fccudunuzun gen\u00e7le\u015fmesini ve iyile\u015fmesini destekleyen bir rejeneratif tedavi y\u00f6ntemidir. H\u00fccresel d\u00fczeyde iyile\u015fme sa\u011flayarak, sa\u011fl\u0131kl\u0131 bir ya\u015fam i\u00e7in g\u00fc\u00e7l\u00fc bir temel olu\u015fturur.<\/p>\n<h3><strong>Neden Miracell?<\/strong><\/h3>\n<ul>\n<li><strong>Do\u011fal Yenilenme:<\/strong> V\u00fccudunuzun kendi biyolojik mekanizmalar\u0131n\u0131 aktive ederek doku onar\u0131m\u0131 ve yenilenmeyi destekler.<\/li>\n<li><strong>Ki\u015fiye \u00d6zel Yakla\u015f\u0131m:<\/strong> Her bireyin ihtiya\u00e7lar\u0131na g\u00f6re \u00f6zelle\u015ftirilen tedavi planlar\u0131yla maksimum verim sa\u011flar.<\/li>\n<li><strong>Bilimsel Destek:<\/strong> G\u00fc\u00e7l\u00fc k\u00f6k h\u00fccre teknolojisi ile desteklenen, g\u00fcvenli ve etkili bir rejeneratif y\u00f6ntemdir.<\/li>\n<li><strong>H\u0131zl\u0131 \u0130yile\u015fme:<\/strong> G\u00fcnl\u00fck ya\u015fant\u0131n\u0131za h\u0131zl\u0131ca d\u00f6nmenizi sa\u011flayan minimal invaziv \u00e7\u00f6z\u00fcmler sunar.<\/li>\n<\/ul>\n<div class=\"flex-shrink-0 flex flex-col relative items-end\">\n<div>\n<div class=\"pt-0\">\n<div class=\"gizmo-bot-avatar flex h-8 w-8 items-center justify-center overflow-hidden rounded-full\">\n<div class=\"relative p-1 rounded-sm flex items-center justify-center bg-token-main-surface-primary text-token-text-primary h-8 w-8\"><\/div>\n<\/div>\n<\/div>\n<\/div>\n<\/div>\n<div class=\"group\/conversation-turn relative flex w-full min-w-0 flex-col agent-turn\">\n<div class=\"flex-col gap-1 md:gap-3\">\n<div class=\"flex max-w-full flex-col flex-grow\">\n<div class=\"min-h-8 text-message flex w-full flex-col items-end gap-2 whitespace-normal break-words text-start [.text-message+&amp;]:mt-5\" dir=\"auto\" data-message-author-role=\"assistant\" data-message-id=\"0fb1a0e7-997e-478f-a0b2-d53fb8ebb539\" data-message-model-slug=\"gpt-4o\">\n<div class=\"flex w-full flex-col gap-1 empty:hidden first:pt-[3px]\">\n<div class=\"markdown prose w-full break-words dark:prose-invert light\">\n<p>Tabii ki! \u0130\u015fte <strong>Miracell Biyolojik Yenilenme Tedavisi<\/strong> i\u00e7in \u00fcr\u00fcn\/hizmet sayfas\u0131 a\u00e7\u0131klamalar\u0131:<\/p>\n<hr \/>\n<h3><strong>Miracell Biyolojik Yenilenme Tedavisi<\/strong><\/h3>\n<p>Zaman\u0131n etkilerini geride b\u0131rak\u0131n, v\u00fccudunuzu do\u011fal iyile\u015fme g\u00fcc\u00fcyle yeniden ke\u015ffedin!<\/p>\n<p><strong>Nedir?<\/strong><br \/>\nMiracell Biyolojik Yenilenme Tedavisi, k\u00f6k h\u00fccrelerin yenileyici ve onar\u0131c\u0131 g\u00fcc\u00fcn\u00fc kullanarak v\u00fccudunuzun gen\u00e7le\u015fmesini ve iyile\u015fmesini destekleyen bir rejeneratif tedavi y\u00f6ntemidir. H\u00fccresel d\u00fczeyde iyile\u015fme sa\u011flayarak, sa\u011fl\u0131kl\u0131 bir ya\u015fam i\u00e7in g\u00fc\u00e7l\u00fc bir temel olu\u015fturur.<\/p>\n<hr \/>\n<h3><strong>Neden Miracell?<\/strong><\/h3>\n<ul>\n<li><strong>Do\u011fal Yenilenme:<\/strong> V\u00fccudunuzun kendi biyolojik mekanizmalar\u0131n\u0131 aktive ederek doku onar\u0131m\u0131 ve yenilenmeyi destekler.<\/li>\n<li><strong>Ki\u015fiye \u00d6zel Yakla\u015f\u0131m:<\/strong> Her bireyin ihtiya\u00e7lar\u0131na g\u00f6re \u00f6zelle\u015ftirilen tedavi planlar\u0131yla maksimum verim sa\u011flar.<\/li>\n<li><strong>Bilimsel Destek:<\/strong> G\u00fc\u00e7l\u00fc k\u00f6k h\u00fccre teknolojisi ile desteklenen, g\u00fcvenli ve etkili bir rejeneratif y\u00f6ntemdir.<\/li>\n<li><strong>H\u0131zl\u0131 \u0130yile\u015fme:<\/strong> G\u00fcnl\u00fck ya\u015fant\u0131n\u0131za h\u0131zl\u0131ca d\u00f6nmenizi sa\u011flayan minimal invaziv \u00e7\u00f6z\u00fcmler sunar.<\/li>\n<\/ul>\n<hr \/>\n<h3><strong>Faydalar\u0131 Nelerdir?<\/strong><\/h3>\n<ul>\n<li>Cilt yenilenmesi ve gen\u00e7le\u015fmesi<\/li>\n<li>Eklem a\u011fr\u0131lar\u0131 ve doku hasarlar\u0131n\u0131n onar\u0131m\u0131<\/li>\n<li>Enerji seviyesinin ve genel ya\u015fam kalitesinin art\u0131\u015f\u0131<\/li>\n<li>Sa\u00e7 d\u00f6k\u00fclmesi tedavisi ve sa\u00e7 sa\u011fl\u0131\u011f\u0131n\u0131n iyile\u015ftirilmesi<\/li>\n<li>Ya\u015flanma belirtilerinin azalmas\u0131<\/li>\n<\/ul>\n<hr \/>\n<h3><strong>Tedavi S\u00fcreci<\/strong><\/h3>\n<ol>\n<li><strong>De\u011ferlendirme ve Planlama:<\/strong> Uzman doktorlar\u0131m\u0131zla detayl\u0131 bir de\u011ferlendirme sonras\u0131 ki\u015fiselle\u015ftirilmi\u015f tedavi plan\u0131 haz\u0131rlan\u0131r.<\/li>\n<li><strong>Uygulama:<\/strong> Miracell k\u00f6k h\u00fccre tedavisi, g\u00fcvenli ve konforlu bir ortamda uygulan\u0131r.<\/li>\n<li><strong>Takip ve Destek:<\/strong> Tedavi sonras\u0131 s\u00fcre\u00e7 titizlikle takip edilir ve iyile\u015fme s\u00fcreciniz desteklenir.<\/li>\n<\/ol>\n<hr \/>\n<h3><strong>Kimler \u0130\u00e7in Uygundur?<\/strong><\/h3>\n<p>Miracell Biyolojik Yenilenme Tedavisi, ya\u015flanma belirtilerini azaltmak, doku yenilemek veya ya\u015fam kalitesini art\u0131rmak isteyen herkese uygundur.<\/p>\n<hr \/>\n<p>Sa\u011fl\u0131\u011f\u0131n\u0131z\u0131 ve gen\u00e7li\u011finizi yeniden ke\u015ffetmek i\u00e7in bug\u00fcn ad\u0131m at\u0131n! \ud83c\udf3f<br \/>\n<strong>Randevu olu\u015fturmak ve detayl\u0131 bilgi almak i\u00e7in bize ula\u015f\u0131n.<\/strong><\/p>\n<p>$299 USD &#8211; 345 USDC Coin<\/p>\n<\/div>\n<\/div>\n<\/div>\n<\/div>\n<\/div>\n<\/div>\n","protected":false},"excerpt":{"rendered":"<h3><strong>Faydalar\u0131 Nelerdir?<\/strong><\/h3>\n<ul>\n<li>Cilt yenilenmesi ve gen\u00e7le\u015fmesi<\/li>\n<li>Eklem a\u011fr\u0131lar\u0131 ve doku hasarlar\u0131n\u0131n onar\u0131m\u0131<\/li>\n<li>Enerji seviyesinin ve genel ya\u015fam kalitesinin art\u0131\u015f\u0131<\/li>\n<li>Sa\u00e7 d\u00f6k\u00fclmesi tedavisi ve sa\u00e7 sa\u011fl\u0131\u011f\u0131n\u0131n iyile\u015ftirilmesi<\/li>\n<li>Ya\u015flanma belirtilerinin azalmas\u0131<\/li>\n<\/ul>\n<h3><strong>Tedavi S\u00fcreci<\/strong><\/h3>\n<ol>\n<li><strong>De\u011ferlendirme ve Planlama:<\/strong> Uzman doktorlar\u0131m\u0131zla detayl\u0131 bir de\u011ferlendirme sonras\u0131 ki\u015fiselle\u015ftirilmi\u015f tedavi plan\u0131 haz\u0131rlan\u0131r.<\/li>\n<li><strong>Uygulama:<\/strong> Miracell k\u00f6k h\u00fccre tedavisi, g\u00fcvenli ve konforlu bir ortamda uygulan\u0131r.<\/li>\n<li><strong>Takip ve Destek:<\/strong> Tedavi sonras\u0131 s\u00fcre\u00e7 titizlikle takip edilir ve iyile\u015fme s\u00fcreciniz desteklenir.<\/li>\n<\/ol>\n<p>$299 USD &#8211; 345 USDC Coin<\/p>\n","protected":false},"featured_media":16865,"comment_status":"open","ping_status":"closed","template":"","meta":[],"product_brand":[],"product_cat":[20,29],"product_tag":[],"class_list":{"0":"post-16863","1":"product","2":"type-product","3":"status-publish","4":"has-post-thumbnail","6":"product_cat-butunlestirici-yontem","7":"product_cat-wellness-paketleri","9":"first","10":"instock","11":"sale","12":"taxable","13":"shipping-taxable","14":"purchasable","15":"product-type-simple"},"yoast_head":"<!-- This site is optimized with the Yoast SEO plugin v26.9 - https:\/\/yoast.com\/product\/yoast-seo-wordpress\/ -->\n<title>Miracell Biyolojik Yenilenme Tedavisi - CLEOPATRA&#039;S BASILICA SA\u011eLIK KASABASI<\/title>\n<meta name=\"robots\" content=\"index, follow, max-snippet:-1, max-image-preview:large, max-video-preview:-1\" \/>\n<link rel=\"canonical\" href=\"https:\/\/cleopatrasbasilica.com\/?product=miracell-biyolojik-yenilenme-tedavisi\" \/>\n<meta property=\"og:locale\" content=\"tr_TR\" \/>\n<meta property=\"og:type\" content=\"article\" \/>\n<meta property=\"og:title\" content=\"Miracell Biyolojik Yenilenme Tedavisi - CLEOPATRA&#039;S BASILICA SA\u011eLIK KASABASI\" \/>\n<meta property=\"og:description\" content=\"Faydalar\u0131 Nelerdir?   Cilt yenilenmesi ve gen\u00e7le\u015fmesi  Eklem a\u011fr\u0131lar\u0131 ve doku hasarlar\u0131n\u0131n onar\u0131m\u0131  Enerji seviyesinin ve genel ya\u015fam kalitesinin art\u0131\u015f\u0131  Sa\u00e7 d\u00f6k\u00fclmesi tedavisi ve sa\u00e7 sa\u011fl\u0131\u011f\u0131n\u0131n iyile\u015ftirilmesi  Ya\u015flanma belirtilerinin azalmas\u0131  Tedavi S\u00fcreci   De\u011ferlendirme ve Planlama: Uzman doktorlar\u0131m\u0131zla detayl\u0131 bir de\u011ferlendirme sonras\u0131 ki\u015fiselle\u015ftirilmi\u015f tedavi plan\u0131 haz\u0131rlan\u0131r.  Uygulama: Miracell k\u00f6k h\u00fccre tedavisi, g\u00fcvenli ve konforlu bir ortamda uygulan\u0131r.  Takip ve Destek: Tedavi sonras\u0131 s\u00fcre\u00e7 titizlikle takip edilir ve iyile\u015fme s\u00fcreciniz desteklenir.  $299 USD - 345 USDC Coin\" \/>\n<meta property=\"og:url\" content=\"https:\/\/cleopatrasbasilica.com\/?product=miracell-biyolojik-yenilenme-tedavisi\" \/>\n<meta property=\"og:site_name\" content=\"CLEOPATRA&#039;S BASILICA SA\u011eLIK KASABASI\" \/>\n<meta property=\"article:publisher\" content=\"http:\/\/www.facebook.com\/cleopatrasbasilica\" \/>\n<meta property=\"article:modified_time\" content=\"2024-12-16T18:33:05+00:00\" \/>\n<meta property=\"og:image\" content=\"https:\/\/cleopatrasbasilica.com\/wp-content\/uploads\/2024\/12\/maricell-kok-hucre-v1.jpeg\" \/>\n\t<meta property=\"og:image:width\" content=\"225\" \/>\n\t<meta property=\"og:image:height\" content=\"225\" \/>\n\t<meta property=\"og:image:type\" content=\"image\/jpeg\" \/>\n<meta name=\"twitter:card\" content=\"summary_large_image\" \/>\n<meta name=\"twitter:site\" content=\"@cleopatrachange\" \/>\n<meta name=\"twitter:label1\" content=\"Tahmini okuma s\u00fcresi\" \/>\n\t<meta name=\"twitter:data1\" content=\"2 dakika\" \/>\n<script type=\"application\/ld+json\" class=\"yoast-schema-graph\">{\"@context\":\"https:\/\/schema.org\",\"@graph\":[{\"@type\":\"WebPage\",\"@id\":\"https:\/\/cleopatrasbasilica.com\/?product=miracell-biyolojik-yenilenme-tedavisi\",\"url\":\"https:\/\/cleopatrasbasilica.com\/?product=miracell-biyolojik-yenilenme-tedavisi\",\"name\":\"Miracell Biyolojik Yenilenme Tedavisi - CLEOPATRA'S BASILICA SA\u011eLIK KASABASI\",\"isPartOf\":{\"@id\":\"https:\/\/cleopatrasbasilica.com\/#website\"},\"primaryImageOfPage\":{\"@id\":\"https:\/\/cleopatrasbasilica.com\/?product=miracell-biyolojik-yenilenme-tedavisi#primaryimage\"},\"image\":{\"@id\":\"https:\/\/cleopatrasbasilica.com\/?product=miracell-biyolojik-yenilenme-tedavisi#primaryimage\"},\"thumbnailUrl\":\"https:\/\/cleopatrasbasilica.com\/wp-content\/uploads\/2024\/12\/maricell-kok-hucre-v1.jpeg\",\"datePublished\":\"2024-12-16T18:21:38+00:00\",\"dateModified\":\"2024-12-16T18:33:05+00:00\",\"breadcrumb\":{\"@id\":\"https:\/\/cleopatrasbasilica.com\/?product=miracell-biyolojik-yenilenme-tedavisi#breadcrumb\"},\"inLanguage\":\"tr\",\"potentialAction\":[{\"@type\":\"ReadAction\",\"target\":[\"https:\/\/cleopatrasbasilica.com\/?product=miracell-biyolojik-yenilenme-tedavisi\"]}]},{\"@type\":\"ImageObject\",\"inLanguage\":\"tr\",\"@id\":\"https:\/\/cleopatrasbasilica.com\/?product=miracell-biyolojik-yenilenme-tedavisi#primaryimage\",\"url\":\"https:\/\/cleopatrasbasilica.com\/wp-content\/uploads\/2024\/12\/maricell-kok-hucre-v1.jpeg\",\"contentUrl\":\"https:\/\/cleopatrasbasilica.com\/wp-content\/uploads\/2024\/12\/maricell-kok-hucre-v1.jpeg\",\"width\":225,\"height\":225},{\"@type\":\"BreadcrumbList\",\"@id\":\"https:\/\/cleopatrasbasilica.com\/?product=miracell-biyolojik-yenilenme-tedavisi#breadcrumb\",\"itemListElement\":[{\"@type\":\"ListItem\",\"position\":1,\"name\":\"Anasayfa\",\"item\":\"https:\/\/cleopatrasbasilica.com\/\"},{\"@type\":\"ListItem\",\"position\":2,\"name\":\"Shop\",\"item\":\"https:\/\/cleopatrasbasilica.com\/?page_id=47\"},{\"@type\":\"ListItem\",\"position\":3,\"name\":\"Miracell Biyolojik Yenilenme Tedavisi\"}]},{\"@type\":\"WebSite\",\"@id\":\"https:\/\/cleopatrasbasilica.com\/#website\",\"url\":\"https:\/\/cleopatrasbasilica.com\/\",\"name\":\"CLEOPATRA'S BASILICA\",\"description\":\"&quot;Kleopatra'n\u0131n Miras\u0131nda G&uuml;zelli\u011fi ve Sa\u011fl\u0131\u011f\u0131 Yeniden Ke\u015ffet!&quot;\",\"publisher\":{\"@id\":\"https:\/\/cleopatrasbasilica.com\/#organization\"},\"potentialAction\":[{\"@type\":\"SearchAction\",\"target\":{\"@type\":\"EntryPoint\",\"urlTemplate\":\"https:\/\/cleopatrasbasilica.com\/?s={search_term_string}\"},\"query-input\":{\"@type\":\"PropertyValueSpecification\",\"valueRequired\":true,\"valueName\":\"search_term_string\"}}],\"inLanguage\":\"tr\"},{\"@type\":\"Organization\",\"@id\":\"https:\/\/cleopatrasbasilica.com\/#organization\",\"name\":\"CLEOPATRA'S BASILICA\",\"url\":\"https:\/\/cleopatrasbasilica.com\/\",\"logo\":{\"@type\":\"ImageObject\",\"inLanguage\":\"tr\",\"@id\":\"https:\/\/cleopatrasbasilica.com\/#\/schema\/logo\/image\/\",\"url\":\"http:\/\/94.73.147.215\/~u2282236\/wp-content\/uploads\/2021\/08\/cropped-CLEOPATRAS-Basilica-logo-red-v1.png\",\"contentUrl\":\"http:\/\/94.73.147.215\/~u2282236\/wp-content\/uploads\/2021\/08\/cropped-CLEOPATRAS-Basilica-logo-red-v1.png\",\"width\":512,\"height\":512,\"caption\":\"CLEOPATRA'S BASILICA\"},\"image\":{\"@id\":\"https:\/\/cleopatrasbasilica.com\/#\/schema\/logo\/image\/\"},\"sameAs\":[\"http:\/\/www.facebook.com\/cleopatrasbasilica\",\"https:\/\/x.com\/cleopatrachange\",\"http:\/\/www.instagram.com\/cleopatrasbasilica\"]}]}<\/script>\n<!-- \/ Yoast SEO plugin. -->","yoast_head_json":{"title":"Miracell Biyolojik Yenilenme Tedavisi - CLEOPATRA'S BASILICA SA\u011eLIK KASABASI","robots":{"index":"index","follow":"follow","max-snippet":"max-snippet:-1","max-image-preview":"max-image-preview:large","max-video-preview":"max-video-preview:-1"},"canonical":"https:\/\/cleopatrasbasilica.com\/?product=miracell-biyolojik-yenilenme-tedavisi","og_locale":"tr_TR","og_type":"article","og_title":"Miracell Biyolojik Yenilenme Tedavisi - CLEOPATRA'S BASILICA SA\u011eLIK KASABASI","og_description":"Faydalar\u0131 Nelerdir?   Cilt yenilenmesi ve gen\u00e7le\u015fmesi  Eklem a\u011fr\u0131lar\u0131 ve doku hasarlar\u0131n\u0131n onar\u0131m\u0131  Enerji seviyesinin ve genel ya\u015fam kalitesinin art\u0131\u015f\u0131  Sa\u00e7 d\u00f6k\u00fclmesi tedavisi ve sa\u00e7 sa\u011fl\u0131\u011f\u0131n\u0131n iyile\u015ftirilmesi  Ya\u015flanma belirtilerinin azalmas\u0131  Tedavi S\u00fcreci   De\u011ferlendirme ve Planlama: Uzman doktorlar\u0131m\u0131zla detayl\u0131 bir de\u011ferlendirme sonras\u0131 ki\u015fiselle\u015ftirilmi\u015f tedavi plan\u0131 haz\u0131rlan\u0131r.  Uygulama: Miracell k\u00f6k h\u00fccre tedavisi, g\u00fcvenli ve konforlu bir ortamda uygulan\u0131r.  Takip ve Destek: Tedavi sonras\u0131 s\u00fcre\u00e7 titizlikle takip edilir ve iyile\u015fme s\u00fcreciniz desteklenir.  $299 USD - 345 USDC Coin","og_url":"https:\/\/cleopatrasbasilica.com\/?product=miracell-biyolojik-yenilenme-tedavisi","og_site_name":"CLEOPATRA'S BASILICA SA\u011eLIK KASABASI","article_publisher":"http:\/\/www.facebook.com\/cleopatrasbasilica","article_modified_time":"2024-12-16T18:33:05+00:00","og_image":[{"width":225,"height":225,"url":"https:\/\/cleopatrasbasilica.com\/wp-content\/uploads\/2024\/12\/maricell-kok-hucre-v1.jpeg","type":"image\/jpeg"}],"twitter_card":"summary_large_image","twitter_site":"@cleopatrachange","twitter_misc":{"Tahmini okuma s\u00fcresi":"2 dakika"},"schema":{"@context":"https:\/\/schema.org","@graph":[{"@type":"WebPage","@id":"https:\/\/cleopatrasbasilica.com\/?product=miracell-biyolojik-yenilenme-tedavisi","url":"https:\/\/cleopatrasbasilica.com\/?product=miracell-biyolojik-yenilenme-tedavisi","name":"Miracell Biyolojik Yenilenme Tedavisi - CLEOPATRA'S BASILICA SA\u011eLIK KASABASI","isPartOf":{"@id":"https:\/\/cleopatrasbasilica.com\/#website"},"primaryImageOfPage":{"@id":"https:\/\/cleopatrasbasilica.com\/?product=miracell-biyolojik-yenilenme-tedavisi#primaryimage"},"image":{"@id":"https:\/\/cleopatrasbasilica.com\/?product=miracell-biyolojik-yenilenme-tedavisi#primaryimage"},"thumbnailUrl":"https:\/\/cleopatrasbasilica.com\/wp-content\/uploads\/2024\/12\/maricell-kok-hucre-v1.jpeg","datePublished":"2024-12-16T18:21:38+00:00","dateModified":"2024-12-16T18:33:05+00:00","breadcrumb":{"@id":"https:\/\/cleopatrasbasilica.com\/?product=miracell-biyolojik-yenilenme-tedavisi#breadcrumb"},"inLanguage":"tr","potentialAction":[{"@type":"ReadAction","target":["https:\/\/cleopatrasbasilica.com\/?product=miracell-biyolojik-yenilenme-tedavisi"]}]},{"@type":"ImageObject","inLanguage":"tr","@id":"https:\/\/cleopatrasbasilica.com\/?product=miracell-biyolojik-yenilenme-tedavisi#primaryimage","url":"https:\/\/cleopatrasbasilica.com\/wp-content\/uploads\/2024\/12\/maricell-kok-hucre-v1.jpeg","contentUrl":"https:\/\/cleopatrasbasilica.com\/wp-content\/uploads\/2024\/12\/maricell-kok-hucre-v1.jpeg","width":225,"height":225},{"@type":"BreadcrumbList","@id":"https:\/\/cleopatrasbasilica.com\/?product=miracell-biyolojik-yenilenme-tedavisi#breadcrumb","itemListElement":[{"@type":"ListItem","position":1,"name":"Anasayfa","item":"https:\/\/cleopatrasbasilica.com\/"},{"@type":"ListItem","position":2,"name":"Shop","item":"https:\/\/cleopatrasbasilica.com\/?page_id=47"},{"@type":"ListItem","position":3,"name":"Miracell Biyolojik Yenilenme Tedavisi"}]},{"@type":"WebSite","@id":"https:\/\/cleopatrasbasilica.com\/#website","url":"https:\/\/cleopatrasbasilica.com\/","name":"CLEOPATRA'S BASILICA","description":"&quot;Kleopatra'n\u0131n Miras\u0131nda G&uuml;zelli\u011fi ve Sa\u011fl\u0131\u011f\u0131 Yeniden Ke\u015ffet!&quot;","publisher":{"@id":"https:\/\/cleopatrasbasilica.com\/#organization"},"potentialAction":[{"@type":"SearchAction","target":{"@type":"EntryPoint","urlTemplate":"https:\/\/cleopatrasbasilica.com\/?s={search_term_string}"},"query-input":{"@type":"PropertyValueSpecification","valueRequired":true,"valueName":"search_term_string"}}],"inLanguage":"tr"},{"@type":"Organization","@id":"https:\/\/cleopatrasbasilica.com\/#organization","name":"CLEOPATRA'S BASILICA","url":"https:\/\/cleopatrasbasilica.com\/","logo":{"@type":"ImageObject","inLanguage":"tr","@id":"https:\/\/cleopatrasbasilica.com\/#\/schema\/logo\/image\/","url":"http:\/\/94.73.147.215\/~u2282236\/wp-content\/uploads\/2021\/08\/cropped-CLEOPATRAS-Basilica-logo-red-v1.png","contentUrl":"http:\/\/94.73.147.215\/~u2282236\/wp-content\/uploads\/2021\/08\/cropped-CLEOPATRAS-Basilica-logo-red-v1.png","width":512,"height":512,"caption":"CLEOPATRA'S BASILICA"},"image":{"@id":"https:\/\/cleopatrasbasilica.com\/#\/schema\/logo\/image\/"},"sameAs":["http:\/\/www.facebook.com\/cleopatrasbasilica","https:\/\/x.com\/cleopatrachange","http:\/\/www.instagram.com\/cleopatrasbasilica"]}]}},"_links":{"self":[{"href":"https:\/\/cleopatrasbasilica.com\/index.php?rest_route=\/wp\/v2\/product\/16863","targetHints":{"allow":["GET"]}}],"collection":[{"href":"https:\/\/cleopatrasbasilica.com\/index.php?rest_route=\/wp\/v2\/product"}],"about":[{"href":"https:\/\/cleopatrasbasilica.com\/index.php?rest_route=\/wp\/v2\/types\/product"}],"replies":[{"embeddable":true,"href":"https:\/\/cleopatrasbasilica.com\/index.php?rest_route=%2Fwp%2Fv2%2Fcomments&post=16863"}],"version-history":[{"count":0,"href":"https:\/\/cleopatrasbasilica.com\/index.php?rest_route=\/wp\/v2\/product\/16863\/revisions"}],"wp:featuredmedia":[{"embeddable":true,"href":"https:\/\/cleopatrasbasilica.com\/index.php?rest_route=\/wp\/v2\/media\/16865"}],"wp:attachment":[{"href":"https:\/\/cleopatrasbasilica.com\/index.php?rest_route=%2Fwp%2Fv2%2Fmedia&parent=16863"}],"wp:term":[{"taxonomy":"product_brand","embeddable":true,"href":"https:\/\/cleopatrasbasilica.com\/index.php?rest_route=%2Fwp%2Fv2%2Fproduct_brand&post=16863"},{"taxonomy":"product_cat","embeddable":true,"href":"https:\/\/cleopatrasbasilica.com\/index.php?rest_route=%2Fwp%2Fv2%2Fproduct_cat&post=16863"},{"taxonomy":"product_tag","embeddable":true,"href":"https:\/\/cleopatrasbasilica.com\/index.php?rest_route=%2Fwp%2Fv2%2Fproduct_tag&post=16863"}],"curies":[{"name":"wp","href":"https:\/\/api.w.org\/{rel}","templated":true}]}}